{"id":20,"date":"2024-07-09T13:29:16","date_gmt":"2024-07-09T13:29:16","guid":{"rendered":"https:\/\/promesafilms.nyc\/?page_id=20"},"modified":"2024-07-19T21:11:50","modified_gmt":"2024-07-19T21:11:50","slug":"servicios","status":"publish","type":"page","link":"https:\/\/promesafilms.nyc\/en\/servicios\/","title":{"rendered":"Services"},"content":{"rendered":"<p>[et_pb_section fb_built=\u00bb1&#8243; fullwidth=\u00bbon\u00bb _builder_version=\u00bb4.6.6&#8243; _module_preset=\u00bbdefault\u00bb][et_pb_fullwidth_slider _builder_version=\u00bb4.6.6&#8243; _module_preset=\u00bbdefault\u00bb custom_padding=\u00bb100px||100px||false|false\u00bb custom_padding_tablet=\u00bb\u00bb custom_padding_phone=\u00bb100px||100px||false|false\u00bb custom_padding_last_edited=\u00bbon|phone\u00bb][et_pb_slide heading=\u00bbSERVICIOS\u00bb _builder_version=\u00bb4.6.6&#8243; _module_preset=\u00bbdefault\u00bb background_video_mp4=\u00bbhttps:\/\/promesafilms.nyc\/wp-content\/uploads\/2024\/07\/Promesa-Produccion.mp4&#8243; background_enable_video_mp4=\u00bbon\u00bb background_video_width=\u00bb100%\u00bb custom_padding_tablet=\u00bb\u00bb custom_padding_phone=\u00bb||||false|false\u00bb custom_padding_last_edited=\u00bbon|phone\u00bb sticky_transition=\u00bbon\u00bb][\/et_pb_slide][\/et_pb_fullwidth_slider][\/et_pb_section][et_pb_section fb_built=\u00bb1&#8243; _builder_version=\u00bb4.6.6&#8243; _module_preset=\u00bbdefault\u00bb background_color=\u00bb#000000&#8243; custom_padding=\u00bb||31px|||\u00bb][et_pb_row column_structure=\u00bb1_3,1_3,1_3&#8243; _builder_version=\u00bb4.6.6&#8243; _module_preset=\u00bbdefault\u00bb][et_pb_column type=\u00bb1_3&#8243; _builder_version=\u00bb4.6.6&#8243; _module_preset=\u00bbdefault\u00bb][et_pb_text _builder_version=\u00bb4.6.6&#8243; _module_preset=\u00bbdefault\u00bb header_text_align=\u00bbleft\u00bb header_text_color=\u00bb#ffffff\u00bb header_font_size=\u00bb20px\u00bb custom_margin=\u00bb||15px|||\u00bb]<\/p>\n<h1>FILMS<\/h1>\n<p>[\/et_pb_text][et_pb_text _builder_version=\u00bb4.6.6&#8243; _module_preset=\u00bbdefault\u00bb text_font=\u00bb|||on|||||\u00bb text_text_color=\u00bb#ffffff\u00bb text_font_size=\u00bb15px\u00bb]Producci\u00f3n de pel\u00edculas<br \/>\nProducci\u00f3n de videoclips<br \/>\nProducci\u00f3n de videos corporativos[\/et_pb_text][\/et_pb_column][et_pb_column type=\u00bb1_3&#8243; _builder_version=\u00bb4.6.6&#8243; _module_preset=\u00bbdefault\u00bb][et_pb_text _builder_version=\u00bb4.6.6&#8243; _module_preset=\u00bbdefault\u00bb header_text_align=\u00bbleft\u00bb header_text_color=\u00bb#ffffff\u00bb header_font_size=\u00bb20px\u00bb custom_margin=\u00bb||15px|||\u00bb]<\/p>\n<h1>EDUCACI\u00d3N ART\u00cdSTICA<\/h1>\n<p>[\/et_pb_text][et_pb_text _builder_version=\u00bb4.6.6&#8243; _module_preset=\u00bbdefault\u00bb text_font=\u00bb|||on|||||\u00bb text_text_color=\u00bb#ffffff\u00bb text_font_size=\u00bb15px\u00bb]Talleres<br \/>\nMasterclass [\/et_pb_text][\/et_pb_column][et_pb_column type=\u00bb1_3&#8243; _builder_version=\u00bb4.6.6&#8243; _module_preset=\u00bbdefault\u00bb][et_pb_text _builder_version=\u00bb4.6.6&#8243; _module_preset=\u00bbdefault\u00bb header_text_align=\u00bbleft\u00bb header_text_color=\u00bb#ffffff\u00bb header_font_size=\u00bb20px\u00bb custom_margin=\u00bb||15px|||\u00bb]<\/p>\n<h1>FESTIVAL DE CINE<\/h1>\n<p>[\/et_pb_text][et_pb_text _builder_version=\u00bb4.6.6&#8243; _module_preset=\u00bbdefault\u00bb text_font=\u00bb|||on|||||\u00bb text_text_color=\u00bb#ffffff\u00bb text_font_size=\u00bb15px\u00bb]Largometrajes<br \/>\nCortometrajes[\/et_pb_text][\/et_pb_column][\/et_pb_row][\/et_pb_section][et_pb_section fb_built=\u00bb1&#8243; module_id=\u00bbpopup-01&#8243; _builder_version=\u00bb4.6.6&#8243; _module_preset=\u00bbdefault\u00bb positioning=\u00bbfixed\u00bb position_origin_f=\u00bbtop_center\u00bb vertical_offset=\u00bb50px\u00bb z_index=\u00bb1000&#8243;][et_pb_row _builder_version=\u00bb4.6.6&#8243; _module_preset=\u00bbdefault\u00bb custom_padding=\u00bb0px||0px||false|false\u00bb][et_pb_column type=\u00bb4_4&#8243; _builder_version=\u00bb4.6.6&#8243; _module_preset=\u00bbdefault\u00bb][et_pb_button button_text=\u00bbCerrar\u00bb button_alignment=\u00bbright\u00bb _builder_version=\u00bb4.6.6&#8243; _module_preset=\u00bbdefault\u00bb custom_button=\u00bbon\u00bb button_text_size=\u00bb14px\u00bb button_border_width=\u00bb1px\u00bb button_border_radius=\u00bb0px\u00bb button_font=\u00bb|||on|||||\u00bb button_icon=\u00bb%%48%%\u00bb button_on_hover=\u00bboff\u00bb custom_padding=\u00bb|25px||10px|false|false\u00bb][\/et_pb_button][\/et_pb_column][\/et_pb_row][et_pb_row column_structure=\u00bb1_3,2_3&#8243; _builder_version=\u00bb4.6.6&#8243; _module_preset=\u00bbdefault\u00bb][et_pb_column type=\u00bb1_3&#8243; _builder_version=\u00bb4.6.6&#8243; _module_preset=\u00bbdefault\u00bb][et_pb_image src=\u00bbhttps:\/\/promesafilms.nyc\/wp-content\/uploads\/2024\/07\/EDEER-MARTINEZ.png\u00bb title_text=\u00bbEDEER MARTINEZ\u00bb _builder_version=\u00bb4.6.6&#8243; _module_preset=\u00bbdefault\u00bb][\/et_pb_image][\/et_pb_column][et_pb_column type=\u00bb2_3&#8243; _builder_version=\u00bb4.6.6&#8243; _module_preset=\u00bbdefault\u00bb][et_pb_text _builder_version=\u00bb4.6.6&#8243; _module_preset=\u00bbdefault\u00bb text_orientation=\u00bbjustified\u00bb]<\/p>\n<h3>EDEER MARTINEZ<\/h3>\n<p>Director con experiencia en cine, publicidad, videoclips, programas de televisi\u00f3n, producci\u00f3n de teatro, espect\u00e1culos y conciertos. Graduado en Comunicaci\u00f3n Audiovisual, fue becado en el M\u00e1ster de interpretaci\u00f3n de Cine y TV, en Central de Cine Madrid \u2013 Espa\u00f1a. Ha cursado diplomado en gesti\u00f3n cultural y direcci\u00f3n de proyectos art\u00edsticos en la universidad San Mart\u00edn de Porres.<br \/> Fue director del teatro Alejandro Granda Relayza por 4 a\u00f1os consecutivos y ha realizado direcci\u00f3n y producci\u00f3n en treinta y cuatro pel\u00edculas en Per\u00fa, algunas en coproducci\u00f3n con Colombia, Chile y Espa\u00f1a, muchas de ellas con \u00e9xito nacional e internacional.<br \/> En la actualidad viene desarrollando distintos proyectos cinematogr\u00e1ficos en los Estados Unidos. A la par se desempe\u00f1a como docente en realizaci\u00f3n audiovisual en asociaciones culturales de New York.<\/p>\n<p>[\/et_pb_text][\/et_pb_column][\/et_pb_row][\/et_pb_section][et_pb_section fb_built=\u00bb1&#8243; module_id=\u00bbpopup-02&#8243; _builder_version=\u00bb4.6.6&#8243; _module_preset=\u00bbdefault\u00bb positioning=\u00bbfixed\u00bb position_origin_f=\u00bbtop_center\u00bb vertical_offset=\u00bb50px\u00bb z_index=\u00bb1000&#8243;][et_pb_row _builder_version=\u00bb4.6.6&#8243; _module_preset=\u00bbdefault\u00bb custom_padding=\u00bb0px||0px||false|false\u00bb][et_pb_column type=\u00bb4_4&#8243; _builder_version=\u00bb4.6.6&#8243; _module_preset=\u00bbdefault\u00bb][et_pb_button button_text=\u00bbCerrar\u00bb button_alignment=\u00bbright\u00bb _builder_version=\u00bb4.6.6&#8243; _module_preset=\u00bbdefault\u00bb custom_button=\u00bbon\u00bb button_text_size=\u00bb14px\u00bb button_border_width=\u00bb1px\u00bb button_border_radius=\u00bb0px\u00bb button_font=\u00bb|||on|||||\u00bb button_icon=\u00bb%%48%%\u00bb button_on_hover=\u00bboff\u00bb custom_padding=\u00bb|25px||10px|false|false\u00bb][\/et_pb_button][\/et_pb_column][\/et_pb_row][et_pb_row column_structure=\u00bb1_3,2_3&#8243; _builder_version=\u00bb4.6.6&#8243; _module_preset=\u00bbdefault\u00bb][et_pb_column type=\u00bb1_3&#8243; _builder_version=\u00bb4.6.6&#8243; _module_preset=\u00bbdefault\u00bb][et_pb_image src=\u00bbhttps:\/\/promesafilms.nyc\/wp-content\/uploads\/2024\/07\/EDEER-MARTINEZ.png\u00bb title_text=\u00bbEDEER MARTINEZ\u00bb _builder_version=\u00bb4.6.6&#8243; _module_preset=\u00bbdefault\u00bb][\/et_pb_image][\/et_pb_column][et_pb_column type=\u00bb2_3&#8243; _builder_version=\u00bb4.6.6&#8243; _module_preset=\u00bbdefault\u00bb][et_pb_text _builder_version=\u00bb4.6.6&#8243; _module_preset=\u00bbdefault\u00bb text_orientation=\u00bbjustified\u00bb]<\/p>\n<h3>EDEER MARTINEZ<\/h3>\n<p>Director con experiencia en cine, publicidad, videoclips, programas de televisi\u00f3n, producci\u00f3n de teatro, espect\u00e1culos y conciertos. Graduado en Comunicaci\u00f3n Audiovisual, fue becado en el M\u00e1ster de interpretaci\u00f3n de Cine y TV, en Central de Cine Madrid \u2013 Espa\u00f1a. Ha cursado diplomado en gesti\u00f3n cultural y direcci\u00f3n de proyectos art\u00edsticos en la universidad San Mart\u00edn de Porres.<br \/> Fue director del teatro Alejandro Granda Relayza por 4 a\u00f1os consecutivos y ha realizado direcci\u00f3n y producci\u00f3n en treinta y cuatro pel\u00edculas en Per\u00fa, algunas en coproducci\u00f3n con Colombia, Chile y Espa\u00f1a, muchas de ellas con \u00e9xito nacional e internacional.<br \/> En la actualidad viene desarrollando distintos proyectos cinematogr\u00e1ficos en los Estados Unidos. A la par se desempe\u00f1a como docente en realizaci\u00f3n audiovisual en asociaciones culturales de New York.<\/p>\n<p>[\/et_pb_text][\/et_pb_column][\/et_pb_row][\/et_pb_section][et_pb_section fb_built=\u00bb1&#8243; module_id=\u00bbpopup-03&#8243; _builder_version=\u00bb4.6.6&#8243; _module_preset=\u00bbdefault\u00bb positioning=\u00bbfixed\u00bb position_origin_f=\u00bbtop_center\u00bb vertical_offset=\u00bb50px\u00bb z_index=\u00bb1000&#8243;][et_pb_row _builder_version=\u00bb4.6.6&#8243; _module_preset=\u00bbdefault\u00bb custom_padding=\u00bb0px||0px||false|false\u00bb][et_pb_column type=\u00bb4_4&#8243; _builder_version=\u00bb4.6.6&#8243; _module_preset=\u00bbdefault\u00bb][et_pb_button button_text=\u00bbCerrar\u00bb button_alignment=\u00bbright\u00bb _builder_version=\u00bb4.6.6&#8243; _module_preset=\u00bbdefault\u00bb custom_button=\u00bbon\u00bb button_text_size=\u00bb14px\u00bb button_border_width=\u00bb1px\u00bb button_border_radius=\u00bb0px\u00bb button_font=\u00bb|||on|||||\u00bb button_icon=\u00bb%%48%%\u00bb button_on_hover=\u00bboff\u00bb custom_padding=\u00bb|25px||10px|false|false\u00bb][\/et_pb_button][\/et_pb_column][\/et_pb_row][et_pb_row column_structure=\u00bb1_3,2_3&#8243; _builder_version=\u00bb4.6.6&#8243; _module_preset=\u00bbdefault\u00bb][et_pb_column type=\u00bb1_3&#8243; _builder_version=\u00bb4.6.6&#8243; _module_preset=\u00bbdefault\u00bb][et_pb_image src=\u00bbhttps:\/\/promesafilms.nyc\/wp-content\/uploads\/2024\/07\/EDEER-MARTINEZ.png\u00bb title_text=\u00bbEDEER MARTINEZ\u00bb _builder_version=\u00bb4.6.6&#8243; _module_preset=\u00bbdefault\u00bb][\/et_pb_image][\/et_pb_column][et_pb_column type=\u00bb2_3&#8243; _builder_version=\u00bb4.6.6&#8243; _module_preset=\u00bbdefault\u00bb][et_pb_text _builder_version=\u00bb4.6.6&#8243; _module_preset=\u00bbdefault\u00bb text_orientation=\u00bbjustified\u00bb]<\/p>\n<h3>EDEER MARTINEZ<\/h3>\n<p>Director con experiencia en cine, publicidad, videoclips, programas de televisi\u00f3n, producci\u00f3n de teatro, espect\u00e1culos y conciertos. Graduado en Comunicaci\u00f3n Audiovisual, fue becado en el M\u00e1ster de interpretaci\u00f3n de Cine y TV, en Central de Cine Madrid \u2013 Espa\u00f1a. Ha cursado diplomado en gesti\u00f3n cultural y direcci\u00f3n de proyectos art\u00edsticos en la universidad San Mart\u00edn de Porres.<br \/> Fue director del teatro Alejandro Granda Relayza por 4 a\u00f1os consecutivos y ha realizado direcci\u00f3n y producci\u00f3n en treinta y cuatro pel\u00edculas en Per\u00fa, algunas en coproducci\u00f3n con Colombia, Chile y Espa\u00f1a, muchas de ellas con \u00e9xito nacional e internacional.<br \/> En la actualidad viene desarrollando distintos proyectos cinematogr\u00e1ficos en los Estados Unidos. A la par se desempe\u00f1a como docente en realizaci\u00f3n audiovisual en asociaciones culturales de New York.<\/p>\n<p>[\/et_pb_text][\/et_pb_column][\/et_pb_row][\/et_pb_section][et_pb_section fb_built=\u00bb1&#8243; fullwidth=\u00bbon\u00bb _builder_version=\u00bb4.6.6&#8243; _module_preset=\u00bbdefault\u00bb][et_pb_fullwidth_image src=\u00bbhttps:\/\/promesafilms.nyc\/wp-content\/uploads\/2024\/07\/tira-03-1.jpg\u00bb title_text=\u00bbtira-03&#8243; _builder_version=\u00bb4.6.6&#8243; _module_preset=\u00bbdefault\u00bb hover_enabled=\u00bb0&#8243; sticky_enabled=\u00bb0&#8243;][\/et_pb_fullwidth_image][\/et_pb_section][et_pb_section fb_built=\u00bb1&#8243; _builder_version=\u00bb4.6.6&#8243; _module_preset=\u00bbdefault\u00bb background_color=\u00bb#000000&#8243; custom_padding=\u00bb0px||0px|||\u00bb global_module=\u00bb168&#8243; saved_tabs=\u00bball\u00bb][et_pb_row _builder_version=\u00bb4.6.6&#8243; _module_preset=\u00bbdefault\u00bb][et_pb_column type=\u00bb4_4&#8243; _builder_version=\u00bb4.6.6&#8243; _module_preset=\u00bbdefault\u00bb][et_pb_image src=\u00bbhttps:\/\/promesafilms.nyc\/wp-content\/uploads\/2024\/07\/logo-web.png\u00bb title_text=\u00bblogo-web\u00bb align=\u00bbcenter\u00bb _builder_version=\u00bb4.6.6&#8243; _module_preset=\u00bbdefault\u00bb width=\u00bb220px\u00bb][\/et_pb_image][et_pb_social_media_follow _builder_version=\u00bb4.6.6&#8243; _module_preset=\u00bbdefault\u00bb text_orientation=\u00bbcenter\u00bb custom_margin=\u00bb||16px|||\u00bb][et_pb_social_media_follow_network url=\u00bbhttps:\/\/www.facebook.com\/profile.php?id=61561776100173&#038;is_tour_dismissed\u00bb _builder_version=\u00bb4.6.6&#8243; _module_preset=\u00bbdefault\u00bb background_color=\u00bb#333333&#8243; background_enable_color=\u00bbon\u00bb background_image=\u00bbhttps:\/\/promesafilms.nyc\/wp-content\/uploads\/2024\/07\/icon-fb-2.png\u00bb background_enable_image=\u00bbon\u00bb background_size=\u00bbcontain\u00bb border_radii=\u00bbon|50px|50px|50px|50px\u00bb follow_button=\u00bboff\u00bb url_new_window=\u00bbon\u00bb][\/et_pb_social_media_follow_network][et_pb_social_media_follow_network url=\u00bbhttps:\/\/www.instagram.com\/filmspromesa\/?hl=es-es\u00bb _builder_version=\u00bb4.6.6&#8243; _module_preset=\u00bbdefault\u00bb background_color=\u00bb#333333&#8243; background_enable_color=\u00bbon\u00bb background_image=\u00bbhttps:\/\/promesafilms.nyc\/wp-content\/uploads\/2024\/07\/icon-ig-2.png\u00bb background_enable_image=\u00bbon\u00bb background_size=\u00bbcontain\u00bb border_radii=\u00bbon|50px|50px|50px|50px\u00bb follow_button=\u00bboff\u00bb url_new_window=\u00bbon\u00bb][\/et_pb_social_media_follow_network][et_pb_social_media_follow_network url=\u00bbhttps:\/\/www.tiktok.com\/@promesafilms?lang=es\u00bb _builder_version=\u00bb4.6.6&#8243; _module_preset=\u00bbdefault\u00bb background_color=\u00bb#333333&#8243; background_enable_color=\u00bbon\u00bb background_image=\u00bbhttps:\/\/promesafilms.nyc\/wp-content\/uploads\/2024\/07\/icon-tiktok-2.png\u00bb background_enable_image=\u00bbon\u00bb background_size=\u00bbcontain\u00bb border_radii=\u00bbon|50px|50px|50px|50px\u00bb follow_button=\u00bboff\u00bb url_new_window=\u00bbon\u00bb][\/et_pb_social_media_follow_network][et_pb_social_media_follow_network url=\u00bbhttps:\/\/studio.youtube.com\/channel\/UCde51_S5ZKAOUpA98AV_0lw\/videos\/upload?filter=%5B%5D&#038;sort=%7B%22columnType%22%3A%22date%22%2C%22sortOrder%22%3A%22DESCENDING%22%7D\u00bb _builder_version=\u00bb4.6.6&#8243; _module_preset=\u00bbdefault\u00bb background_color=\u00bb#333333&#8243; background_enable_color=\u00bbon\u00bb background_image=\u00bbhttps:\/\/promesafilms.nyc\/wp-content\/uploads\/2024\/07\/icon-yt-2.png\u00bb background_enable_image=\u00bbon\u00bb background_size=\u00bbcontain\u00bb border_radii=\u00bbon|50px|50px|50px|50px\u00bb follow_button=\u00bboff\u00bb url_new_window=\u00bbon\u00bb][\/et_pb_social_media_follow_network][\/et_pb_social_media_follow][et_pb_text _builder_version=\u00bb4.6.6&#8243; _module_preset=\u00bbdefault\u00bb text_text_color=\u00bb#ffffff\u00bb text_orientation=\u00bbcenter\u00bb link_option_url=\u00bbmailto:info@promesafilms.nyc\u00bb link_option_url_new_window=\u00bbon\u00bb]<\/p>\n<p>info@<span style=\"font-weight: 400;\">promesafilms.nyc<\/span><\/p>\n<p>[\/et_pb_text][\/et_pb_column][\/et_pb_row][\/et_pb_section]<\/p>\n","protected":false},"excerpt":{"rendered":"<p>[et_pb_section fb_built=\u00bb1&#8243; fullwidth=\u00bbon\u00bb _builder_version=\u00bb4.6.6&#8243; _module_preset=\u00bbdefault\u00bb][et_pb_fullwidth_slider _builder_version=\u00bb4.6.6&#8243; _module_preset=\u00bbdefault\u00bb custom_padding=\u00bb100px||100px||false|false\u00bb custom_padding_tablet=\u00bb\u00bb custom_padding_phone=\u00bb100px||100px||false|false\u00bb custom_padding_last_edited=\u00bbon|phone\u00bb][et_pb_slide heading=\u00bbSERVICIOS\u00bb _builder_version=\u00bb4.6.6&#8243; _module_preset=\u00bbdefault\u00bb background_video_mp4=\u00bbhttps:\/\/promesafilms.nyc\/wp-content\/uploads\/2024\/07\/Promesa-Produccion.mp4&#8243; background_enable_video_mp4=\u00bbon\u00bb background_video_width=\u00bb100%\u00bb custom_padding_tablet=\u00bb\u00bb custom_padding_phone=\u00bb||||false|false\u00bb custom_padding_last_edited=\u00bbon|phone\u00bb sticky_transition=\u00bbon\u00bb][\/et_pb_slide][\/et_pb_fullwidth_slider][\/et_pb_section][et_pb_section fb_built=\u00bb1&#8243; _builder_version=\u00bb4.6.6&#8243; _module_preset=\u00bbdefault\u00bb background_color=\u00bb#000000&#8243; custom_padding=\u00bb||31px|||\u00bb][et_pb_row column_structure=\u00bb1_3,1_3,1_3&#8243; _builder_version=\u00bb4.6.6&#8243; _module_preset=\u00bbdefault\u00bb][et_pb_column type=\u00bb1_3&#8243; _builder_version=\u00bb4.6.6&#8243; _module_preset=\u00bbdefault\u00bb][et_pb_text _builder_version=\u00bb4.6.6&#8243; _module_preset=\u00bbdefault\u00bb header_text_align=\u00bbleft\u00bb header_text_color=\u00bb#ffffff\u00bb header_font_size=\u00bb20px\u00bb custom_margin=\u00bb||15px|||\u00bb] FILMS [\/et_pb_text][et_pb_text _builder_version=\u00bb4.6.6&#8243; _module_preset=\u00bbdefault\u00bb text_font=\u00bb|||on|||||\u00bb text_text_color=\u00bb#ffffff\u00bb text_font_size=\u00bb15px\u00bb]Producci\u00f3n de pel\u00edculas Producci\u00f3n de videoclips Producci\u00f3n de videos corporativos[\/et_pb_text][\/et_pb_column][et_pb_column type=\u00bb1_3&#8243; [&hellip;]<\/p>\n","protected":false},"author":1,"featured_media":0,"parent":0,"menu_order":0,"comment_status":"closed","ping_status":"closed","template":"","meta":{"_et_pb_use_builder":"on","_et_pb_old_content":"","_et_gb_content_width":"","footnotes":""},"class_list":["post-20","page","type-page","status-publish","hentry"],"_links":{"self":[{"href":"https:\/\/promesafilms.nyc\/en\/wp-json\/wp\/v2\/pages\/20","targetHints":{"allow":["GET"]}}],"collection":[{"href":"https:\/\/promesafilms.nyc\/en\/wp-json\/wp\/v2\/pages"}],"about":[{"href":"https:\/\/promesafilms.nyc\/en\/wp-json\/wp\/v2\/types\/page"}],"author":[{"embeddable":true,"href":"https:\/\/promesafilms.nyc\/en\/wp-json\/wp\/v2\/users\/1"}],"replies":[{"embeddable":true,"href":"https:\/\/promesafilms.nyc\/en\/wp-json\/wp\/v2\/comments?post=20"}],"version-history":[{"count":9,"href":"https:\/\/promesafilms.nyc\/en\/wp-json\/wp\/v2\/pages\/20\/revisions"}],"predecessor-version":[{"id":257,"href":"https:\/\/promesafilms.nyc\/en\/wp-json\/wp\/v2\/pages\/20\/revisions\/257"}],"wp:attachment":[{"href":"https:\/\/promesafilms.nyc\/en\/wp-json\/wp\/v2\/media?parent=20"}],"curies":[{"name":"wp","href":"https:\/\/api.w.org\/{rel}","templated":true}]}}