{"id":7,"date":"2024-07-05T16:41:01","date_gmt":"2024-07-05T16:41:01","guid":{"rendered":"https:\/\/promesafilms.nyc\/?page_id=7"},"modified":"2025-08-01T00:23:36","modified_gmt":"2025-08-01T00:23:36","slug":"home","status":"publish","type":"page","link":"https:\/\/promesafilms.nyc\/en\/home\/","title":{"rendered":"home"},"content":{"rendered":"<p>[et_pb_section fb_built=\u00bb1&#8243; fullwidth=\u00bbon\u00bb _builder_version=\u00bb4.6.6&#8243; _module_preset=\u00bbdefault\u00bb background_color=\u00bb#000000&#8243;][et_pb_fullwidth_slider _builder_version=\u00bb4.6.6&#8243; _module_preset=\u00bbdefault\u00bb custom_padding=\u00bb250px||250px||false|false\u00bb custom_padding_tablet=\u00bb\u00bb custom_padding_phone=\u00bb100px||100px||false|false\u00bb custom_padding_last_edited=\u00bbon|phone\u00bb][et_pb_slide _builder_version=\u00bb4.6.6&#8243; _module_preset=\u00bbdefault\u00bb background_video_mp4=\u00bbhttps:\/\/promesafilms.nyc\/wp-content\/uploads\/2024\/07\/Video-Promesa-2.mp4&#8243; background_enable_video_mp4=\u00bbon\u00bb background_video_width=\u00bb100%\u00bb custom_padding_tablet=\u00bb\u00bb custom_padding_phone=\u00bb||||false|false\u00bb custom_padding_last_edited=\u00bbon|phone\u00bb sticky_transition=\u00bbon\u00bb][\/et_pb_slide][\/et_pb_fullwidth_slider][\/et_pb_section][et_pb_section fb_built=\u00bb1&#8243; _builder_version=\u00bb4.6.6&#8243; _module_preset=\u00bbdefault\u00bb background_color=\u00bb#000000&#8243;][et_pb_row _builder_version=\u00bb4.6.6&#8243; _module_preset=\u00bbdefault\u00bb][et_pb_column type=\u00bb4_4&#8243; _builder_version=\u00bb4.6.6&#8243; _module_preset=\u00bbdefault\u00bb][et_pb_text _builder_version=\u00bb4.6.6&#8243; _module_preset=\u00bbdefault\u00bb header_text_align=\u00bbcenter\u00bb header_text_color=\u00bb#ffffff\u00bb header_font_size=\u00bb24px\u00bb custom_margin=\u00bb||15px|||\u00bb]<\/p>\n<h1>Nosotros<\/h1>\n<p>[\/et_pb_text][et_pb_text _builder_version=\u00bb4.6.6&#8243; _module_preset=\u00bbdefault\u00bb text_font=\u00bb||||||||\u00bb text_text_color=\u00bb#ffffff\u00bb text_font_size=\u00bb15px\u00bb text_orientation=\u00bbcenter\u00bb]<\/p>\n<p>En <strong>PROMESA<\/strong> buscamos convertirnos en la empresa l\u00edder a nivel mundial en entretenimiento, a trav\u00e9s de contenidos cinematogr\u00e1ficos, espect\u00e1culos y proyectos audiovisuales.<\/p>\n<p>[\/et_pb_text][et_pb_button button_url=\u00bb@ET-DC@eyJkeW5hbWljIjp0cnVlLCJjb250ZW50IjoicG9zdF9saW5rX3VybF9wYWdlIiwic2V0dGluZ3MiOnsicG9zdF9pZCI6IjE0In19@\u00bb button_text=\u00bbSobre nosotros\u00bb button_alignment=\u00bbcenter\u00bb _builder_version=\u00bb4.6.6&#8243; _dynamic_attributes=\u00bbbutton_url\u00bb _module_preset=\u00bbdefault\u00bb custom_button=\u00bbon\u00bb button_text_size=\u00bb14px\u00bb button_text_color=\u00bb#ffffff\u00bb button_border_width=\u00bb1px\u00bb button_border_radius=\u00bb0px\u00bb button_font=\u00bb|||on|||||\u00bb button_icon=\u00bb%%308%%\u00bb button_on_hover=\u00bboff\u00bb custom_padding=\u00bb5px|35px|5px|20px|false|false\u00bb button_text_color__hover_enabled=\u00bbon|hover\u00bb button_text_color__hover=\u00bb#000000&#8243; button_bg_color__hover_enabled=\u00bbon|hover\u00bb button_bg_color__hover=\u00bb#ffffff\u00bb button_bg_enable_color__hover=\u00bbon\u00bb][\/et_pb_button][\/et_pb_column][\/et_pb_row][\/et_pb_section][et_pb_section fb_built=\u00bb1&#8243; _builder_version=\u00bb4.6.6&#8243; _module_preset=\u00bbdefault\u00bb background_image=\u00bbhttps:\/\/promesafilms.nyc\/wp-content\/uploads\/2024\/07\/back-01-1.jpg\u00bb][et_pb_row _builder_version=\u00bb4.6.6&#8243; _module_preset=\u00bbdefault\u00bb][et_pb_column type=\u00bb4_4&#8243; _builder_version=\u00bb4.6.6&#8243; _module_preset=\u00bbdefault\u00bb][et_pb_text _builder_version=\u00bb4.6.6&#8243; _module_preset=\u00bbdefault\u00bb header_text_color=\u00bb#ffffff\u00bb header_font_size=\u00bb24px\u00bb]<\/p>\n<h1>Servicios\u00a0<\/h1>\n<p>[\/et_pb_text][\/et_pb_column][\/et_pb_row][et_pb_row column_structure=\u00bb1_3,1_3,1_3&#8243; use_custom_gutter=\u00bbon\u00bb gutter_width=\u00bb1&#8243; _builder_version=\u00bb4.6.6&#8243; _module_preset=\u00bbdefault\u00bb horizontal_offset=\u00bb220px\u00bb horizontal_offset_tablet=\u00bb80px\u00bb horizontal_offset_phone=\u00bb50px\u00bb horizontal_offset_last_edited=\u00bbon|tablet\u00bb max_width=\u00bb600px\u00bb module_alignment=\u00bbleft\u00bb custom_margin=\u00bb||||false|false\u00bb custom_padding=\u00bb11px||8px||false|false\u00bb][et_pb_column type=\u00bb1_3&#8243; _builder_version=\u00bb4.6.6&#8243; _module_preset=\u00bbdefault\u00bb][et_pb_text _builder_version=\u00bb4.6.6&#8243; _module_preset=\u00bbdefault\u00bb text_text_color=\u00bb#ffffff\u00bb header_3_font=\u00bb|300|||||||\u00bb header_3_text_color=\u00bb#ffffff\u00bb header_3_font_size=\u00bb20px\u00bb]<\/p>\n<h3>FILMS<\/h3>\n<ul>\n<li>Producci\u00f3n de pel\u00edculas<\/li>\n<li>Producci\u00f3n de videoclips<\/li>\n<li>Producci\u00f3n de videos corporativos<\/li>\n<\/ul>\n<p>[\/et_pb_text][\/et_pb_column][et_pb_column type=\u00bb1_3&#8243; _builder_version=\u00bb4.6.6&#8243; _module_preset=\u00bbdefault\u00bb][et_pb_text _builder_version=\u00bb4.6.6&#8243; _module_preset=\u00bbdefault\u00bb text_text_color=\u00bb#ffffff\u00bb header_3_font=\u00bb|300|||||||\u00bb header_3_text_color=\u00bb#ffffff\u00bb header_3_font_size=\u00bb20px\u00bb]<\/p>\n<h3>EDUCACI\u00d3N ART\u00cdSTICA<\/h3>\n<ul>\n<li>Talleres<\/li>\n<li>Masterclass<\/li>\n<\/ul>\n<p>[\/et_pb_text][\/et_pb_column][et_pb_column type=\u00bb1_3&#8243; _builder_version=\u00bb4.6.6&#8243; _module_preset=\u00bbdefault\u00bb][et_pb_text _builder_version=\u00bb4.6.6&#8243; _module_preset=\u00bbdefault\u00bb text_text_color=\u00bb#ffffff\u00bb header_3_font=\u00bb|300|||||||\u00bb header_3_text_color=\u00bb#ffffff\u00bb header_3_font_size=\u00bb20px\u00bb]<\/p>\n<h3>FESTIVAL DE CINE<\/h3>\n<ul>\n<li>Largometrajes<\/li>\n<li>Cortometrajes<\/li>\n<\/ul>\n<p>[\/et_pb_text][\/et_pb_column][\/et_pb_row][\/et_pb_section][et_pb_section fb_built=\u00bb1&#8243; _builder_version=\u00bb4.6.6&#8243; _module_preset=\u00bbdefault\u00bb background_color=\u00bb#000000&#8243; custom_padding=\u00bb39px||30px|||\u00bb][et_pb_row _builder_version=\u00bb4.6.6&#8243; _module_preset=\u00bbdefault\u00bb][et_pb_column type=\u00bb4_4&#8243; _builder_version=\u00bb4.6.6&#8243; _module_preset=\u00bbdefault\u00bb][et_pb_text _builder_version=\u00bb4.6.6&#8243; _module_preset=\u00bbdefault\u00bb header_text_align=\u00bbcenter\u00bb header_text_color=\u00bb#ffffff\u00bb header_font_size=\u00bb24px\u00bb]<\/p>\n<h1>\u00faltimas producciones<\/h1>\n<p>[\/et_pb_text][\/et_pb_column][\/et_pb_row][et_pb_row column_structure=\u00bb1_2,1_2&#8243; use_custom_gutter=\u00bbon\u00bb gutter_width=\u00bb2&#8243; make_equal=\u00bbon\u00bb _builder_version=\u00bb4.6.6&#8243; _module_preset=\u00bbdefault\u00bb][et_pb_column type=\u00bb1_2&#8243; _builder_version=\u00bb4.6.6&#8243; _module_preset=\u00bbdefault\u00bb background_color=\u00bb#000000&#8243; background_image=\u00bbhttps:\/\/promesafilms.nyc\/wp-content\/uploads\/2025\/08\/cruzando-america-promesa-films-1.jpg\u00bb admin_label=\u00bbColumna\u00bb title_text=\u00bbcruzando-america-promesa-films\u00bb][et_pb_cta title=\u00bbCRUZANDO AM\u00c9RICA\u00bb _builder_version=\u00bb4.6.6&#8243; _module_preset=\u00bbdefault\u00bb header_font_size=\u00bb18px\u00bb background_enable_color=\u00bboff\u00bb custom_button=\u00bbon\u00bb button_text_size=\u00bb14px\u00bb button_border_width=\u00bb1px\u00bb button_border_radius=\u00bb0px\u00bb button_font=\u00bb|||on|||||\u00bb custom_padding=\u00bb250px||15px||false|false\u00bb hover_enabled=\u00bb0&#8243; admin_label=\u00bbLlamada a la acci\u00f3n\u00bb title_text=\u00bbbanner-film-01&#8243; background_enable_image=\u00bboff\u00bb sticky_enabled=\u00bb0&#8243;]<\/p>\n<p>Omar y Wendy, atrapados por la crisis en Venezuela, deben dejar a su hija y emprender un arriesgado viaje a pie hacia Estados Unidos. Su misi\u00f3n: crear un hogar lleno de oportunidades para su peque\u00f1a hija, aunque el camino podr\u00eda costarles la vida.<\/p>\n<p>[\/et_pb_cta][\/et_pb_column][et_pb_column type=\u00bb1_2&#8243; _builder_version=\u00bb4.6.6&#8243; _module_preset=\u00bbdefault\u00bb background_color=\u00bb#000000&#8243; background_image=\u00bbhttps:\/\/promesafilms.nyc\/wp-content\/uploads\/2024\/07\/film-02-1.jpg\u00bb admin_label=\u00bbColumna\u00bb][et_pb_cta title=\u00bbUn sue\u00f1o en Madrid\u00bb _builder_version=\u00bb4.6.6&#8243; _dynamic_attributes=\u00bblink_option_url\u00bb _module_preset=\u00bbdefault\u00bb header_font_size=\u00bb18px\u00bb background_enable_color=\u00bboff\u00bb custom_button=\u00bbon\u00bb button_text_size=\u00bb14px\u00bb button_border_width=\u00bb1px\u00bb button_border_radius=\u00bb0px\u00bb button_font=\u00bb|||on|||||\u00bb custom_padding=\u00bb250px||15px||false|false\u00bb link_option_url=\u00bb@ET-DC@eyJkeW5hbWljIjp0cnVlLCJjb250ZW50IjoicG9zdF9saW5rX3VybF9wYWdlIiwic2V0dGluZ3MiOnsicG9zdF9pZCI6IjE2In19@\u00bb hover_enabled=\u00bb0&#8243; sticky_enabled=\u00bb0&#8243;]<\/p>\n<p>Tintes musicales iluminan esta pel\u00edcula que salta del pasado al presente, de continente a continente, para contar una historia de perseverancia. Nuestro protagonista es Carlos, alguien quien siempre ha tenido suerte.<\/p>\n<p>[\/et_pb_cta][\/et_pb_column][\/et_pb_row][et_pb_row column_structure=\u00bb1_2,1_2&#8243; use_custom_gutter=\u00bbon\u00bb gutter_width=\u00bb2&#8243; make_equal=\u00bbon\u00bb _builder_version=\u00bb4.6.6&#8243; _module_preset=\u00bbdefault\u00bb hover_enabled=\u00bb0&#8243; sticky_enabled=\u00bb0&#8243;][et_pb_column type=\u00bb1_2&#8243; _builder_version=\u00bb4.6.6&#8243; _module_preset=\u00bbdefault\u00bb background_color=\u00bb#000000&#8243; background_image=\u00bbhttps:\/\/promesafilms.nyc\/wp-content\/uploads\/2024\/07\/film-01.jpg\u00bb admin_label=\u00bbColumna\u00bb][et_pb_cta title=\u00bbChalaco\u00bb _builder_version=\u00bb4.6.6&#8243; _dynamic_attributes=\u00bblink_option_url\u00bb _module_preset=\u00bbdefault\u00bb header_font_size=\u00bb18px\u00bb background_enable_color=\u00bboff\u00bb custom_button=\u00bbon\u00bb button_text_size=\u00bb14px\u00bb button_border_width=\u00bb1px\u00bb button_border_radius=\u00bb0px\u00bb button_font=\u00bb|||on|||||\u00bb custom_padding=\u00bb250px||15px||false|false\u00bb link_option_url=\u00bb@ET-DC@eyJkeW5hbWljIjp0cnVlLCJjb250ZW50IjoicG9zdF9saW5rX3VybF9wYWdlIiwic2V0dGluZ3MiOnsicG9zdF9pZCI6IjE4In19@\u00bb hover_enabled=\u00bb0&#8243; sticky_enabled=\u00bb0&#8243; admin_label=\u00bbLlamada a la acci\u00f3n\u00bb]<\/p>\n<p>Un grupo de muralistas y un apasionado historiador recorren los siete distritos del Callao explorando el verdadero significado de ser Chalaco, en su esp\u00edritu, historia, cultura y gastronom\u00eda. Una remembranza de la Provincia Constitucional del Callao y la idiosincrasia de su pueblo.<\/p>\n<p>[\/et_pb_cta][\/et_pb_column][et_pb_column type=\u00bb1_2&#8243; _builder_version=\u00bb4.6.6&#8243; _module_preset=\u00bbdefault\u00bb background_color=\u00bb#000000&#8243; background_image=\u00bbhttps:\/\/promesafilms.nyc\/wp-content\/uploads\/2024\/07\/film-02-1.jpg\u00bb hover_enabled=\u00bb0&#8243; admin_label=\u00bbColumna\u00bb disabled_on=\u00bbon|on|on\u00bb disabled=\u00bbon\u00bb sticky_enabled=\u00bb0&#8243;][et_pb_cta title=\u00bbUn sue\u00f1o en Madrid\u00bb _builder_version=\u00bb4.6.6&#8243; _dynamic_attributes=\u00bblink_option_url\u00bb _module_preset=\u00bbdefault\u00bb header_font_size=\u00bb18px\u00bb background_enable_color=\u00bboff\u00bb custom_button=\u00bbon\u00bb button_text_size=\u00bb14px\u00bb button_border_width=\u00bb1px\u00bb button_border_radius=\u00bb0px\u00bb button_font=\u00bb|||on|||||\u00bb custom_padding=\u00bb250px||15px||false|false\u00bb link_option_url=\u00bb@ET-DC@eyJkeW5hbWljIjp0cnVlLCJjb250ZW50IjoicG9zdF9saW5rX3VybF9wYWdlIiwic2V0dGluZ3MiOnsicG9zdF9pZCI6IjE2In19@\u00bb hover_enabled=\u00bb0&#8243; sticky_enabled=\u00bb0&#8243; disabled_on=\u00bboff|off|off\u00bb admin_label=\u00bbLlamada a la acci\u00f3n\u00bb]<\/p>\n<p>Tintes musicales iluminan esta pel\u00edcula que salta del pasado al presente, de continente a continente, para contar una historia de perseverancia. Nuestro protagonista es Carlos, alguien quien siempre ha tenido suerte.<\/p>\n<p>[\/et_pb_cta][\/et_pb_column][\/et_pb_row][\/et_pb_section][et_pb_section fb_built=\u00bb1&#8243; fullwidth=\u00bbon\u00bb _builder_version=\u00bb4.6.6&#8243; _module_preset=\u00bbdefault\u00bb global_module=\u00bb300&#8243; saved_tabs=\u00bball\u00bb][et_pb_fullwidth_image src=\u00bbhttps:\/\/promesafilms.nyc\/wp-content\/uploads\/2024\/07\/tira-03-1.jpg\u00bb title_text=\u00bbtira-03&#8243; _builder_version=\u00bb4.6.6&#8243; _module_preset=\u00bbdefault\u00bb][\/et_pb_fullwidth_image][\/et_pb_section][et_pb_section fb_built=\u00bb1&#8243; _builder_version=\u00bb4.6.6&#8243; _module_preset=\u00bbdefault\u00bb background_color=\u00bb#000000&#8243; custom_padding=\u00bb0px||0px|||\u00bb global_module=\u00bb168&#8243; saved_tabs=\u00bball\u00bb][et_pb_row _builder_version=\u00bb4.6.6&#8243; _module_preset=\u00bbdefault\u00bb][et_pb_column type=\u00bb4_4&#8243; _builder_version=\u00bb4.6.6&#8243; _module_preset=\u00bbdefault\u00bb][et_pb_image src=\u00bbhttps:\/\/promesafilms.nyc\/wp-content\/uploads\/2024\/07\/logo-web.png\u00bb title_text=\u00bblogo-web\u00bb align=\u00bbcenter\u00bb _builder_version=\u00bb4.6.6&#8243; _module_preset=\u00bbdefault\u00bb width=\u00bb220px\u00bb][\/et_pb_image][et_pb_social_media_follow _builder_version=\u00bb4.6.6&#8243; _module_preset=\u00bbdefault\u00bb text_orientation=\u00bbcenter\u00bb custom_margin=\u00bb||16px|||\u00bb][et_pb_social_media_follow_network url=\u00bbhttps:\/\/www.facebook.com\/profile.php?id=61561776100173&#038;is_tour_dismissed\u00bb _builder_version=\u00bb4.6.6&#8243; _module_preset=\u00bbdefault\u00bb background_color=\u00bb#333333&#8243; background_enable_color=\u00bbon\u00bb background_image=\u00bbhttps:\/\/promesafilms.nyc\/wp-content\/uploads\/2024\/07\/icon-fb-2.png\u00bb background_enable_image=\u00bbon\u00bb background_size=\u00bbcontain\u00bb border_radii=\u00bbon|50px|50px|50px|50px\u00bb follow_button=\u00bboff\u00bb url_new_window=\u00bbon\u00bb][\/et_pb_social_media_follow_network][et_pb_social_media_follow_network url=\u00bbhttps:\/\/www.instagram.com\/filmspromesa\/?hl=es-es\u00bb _builder_version=\u00bb4.6.6&#8243; _module_preset=\u00bbdefault\u00bb background_color=\u00bb#333333&#8243; background_enable_color=\u00bbon\u00bb background_image=\u00bbhttps:\/\/promesafilms.nyc\/wp-content\/uploads\/2024\/07\/icon-ig-2.png\u00bb background_enable_image=\u00bbon\u00bb background_size=\u00bbcontain\u00bb border_radii=\u00bbon|50px|50px|50px|50px\u00bb follow_button=\u00bboff\u00bb url_new_window=\u00bbon\u00bb][\/et_pb_social_media_follow_network][et_pb_social_media_follow_network url=\u00bbhttps:\/\/www.tiktok.com\/@promesafilms?lang=es\u00bb _builder_version=\u00bb4.6.6&#8243; _module_preset=\u00bbdefault\u00bb background_color=\u00bb#333333&#8243; background_enable_color=\u00bbon\u00bb background_image=\u00bbhttps:\/\/promesafilms.nyc\/wp-content\/uploads\/2024\/07\/icon-tiktok-2.png\u00bb background_enable_image=\u00bbon\u00bb background_size=\u00bbcontain\u00bb border_radii=\u00bbon|50px|50px|50px|50px\u00bb follow_button=\u00bboff\u00bb url_new_window=\u00bbon\u00bb][\/et_pb_social_media_follow_network][et_pb_social_media_follow_network url=\u00bbhttps:\/\/studio.youtube.com\/channel\/UCde51_S5ZKAOUpA98AV_0lw\/videos\/upload?filter=%5B%5D&#038;sort=%7B%22columnType%22%3A%22date%22%2C%22sortOrder%22%3A%22DESCENDING%22%7D\u00bb _builder_version=\u00bb4.6.6&#8243; _module_preset=\u00bbdefault\u00bb background_color=\u00bb#333333&#8243; background_enable_color=\u00bbon\u00bb background_image=\u00bbhttps:\/\/promesafilms.nyc\/wp-content\/uploads\/2024\/07\/icon-yt-2.png\u00bb background_enable_image=\u00bbon\u00bb background_size=\u00bbcontain\u00bb border_radii=\u00bbon|50px|50px|50px|50px\u00bb follow_button=\u00bboff\u00bb url_new_window=\u00bbon\u00bb][\/et_pb_social_media_follow_network][\/et_pb_social_media_follow][et_pb_text _builder_version=\u00bb4.6.6&#8243; _module_preset=\u00bbdefault\u00bb text_text_color=\u00bb#ffffff\u00bb text_orientation=\u00bbcenter\u00bb link_option_url=\u00bbmailto:info@promesafilms.nyc\u00bb link_option_url_new_window=\u00bbon\u00bb]<\/p>\n<p>info@<span style=\"font-weight: 400;\">promesafilms.nyc<\/span><\/p>\n<p>[\/et_pb_text][\/et_pb_column][\/et_pb_row][\/et_pb_section][et_pb_section fb_built=\u00bb1&#8243; _builder_version=\u00bb4.6.6&#8243; _module_preset=\u00bbdefault\u00bb background_color=\u00bb#000000&#8243; custom_padding=\u00bb0px||0px|||\u00bb][et_pb_row column_structure=\u00bb1_2,1_2&#8243; use_custom_gutter=\u00bbon\u00bb gutter_width=\u00bb2&#8243; _builder_version=\u00bb4.6.6&#8243; _module_preset=\u00bbdefault\u00bb max_width=\u00bb280px\u00bb custom_padding=\u00bb0px|||||\u00bb][et_pb_column type=\u00bb1_2&#8243; _builder_version=\u00bb4.6.6&#8243; _module_preset=\u00bbdefault\u00bb][et_pb_text _builder_version=\u00bb4.6.6&#8243; _module_preset=\u00bbdefault\u00bb text_orientation=\u00bbcenter\u00bb custom_padding=\u00bb5px||||false|false\u00bb]<\/p>\n<p>Desarrollado por\u00a0<\/p>\n<p>[\/et_pb_text][\/et_pb_column][et_pb_column type=\u00bb1_2&#8243; _builder_version=\u00bb4.6.6&#8243; _module_preset=\u00bbdefault\u00bb][et_pb_image src=\u00bbhttps:\/\/promesafilms.nyc\/wp-content\/uploads\/2024\/07\/factor.png\u00bb title_text=\u00bbfactor\u00bb _builder_version=\u00bb4.6.6&#8243; _module_preset=\u00bbdefault\u00bb width=\u00bb100px\u00bb][\/et_pb_image][\/et_pb_column][\/et_pb_row][\/et_pb_section]<\/p>\n","protected":false},"excerpt":{"rendered":"<p>[et_pb_section fb_built=\u00bb1&#8243; fullwidth=\u00bbon\u00bb _builder_version=\u00bb4.6.6&#8243; _module_preset=\u00bbdefault\u00bb background_color=\u00bb#000000&#8243;][et_pb_fullwidth_slider _builder_version=\u00bb4.6.6&#8243; _module_preset=\u00bbdefault\u00bb custom_padding=\u00bb250px||250px||false|false\u00bb custom_padding_tablet=\u00bb\u00bb custom_padding_phone=\u00bb100px||100px||false|false\u00bb custom_padding_last_edited=\u00bbon|phone\u00bb][et_pb_slide _builder_version=\u00bb4.6.6&#8243; _module_preset=\u00bbdefault\u00bb background_video_mp4=\u00bbhttps:\/\/promesafilms.nyc\/wp-content\/uploads\/2024\/07\/Video-Promesa-2.mp4&#8243; background_enable_video_mp4=\u00bbon\u00bb background_video_width=\u00bb100%\u00bb custom_padding_tablet=\u00bb\u00bb custom_padding_phone=\u00bb||||false|false\u00bb custom_padding_last_edited=\u00bbon|phone\u00bb sticky_transition=\u00bbon\u00bb][\/et_pb_slide][\/et_pb_fullwidth_slider][\/et_pb_section][et_pb_section fb_built=\u00bb1&#8243; _builder_version=\u00bb4.6.6&#8243; _module_preset=\u00bbdefault\u00bb background_color=\u00bb#000000&#8243;][et_pb_row _builder_version=\u00bb4.6.6&#8243; _module_preset=\u00bbdefault\u00bb][et_pb_column type=\u00bb4_4&#8243; _builder_version=\u00bb4.6.6&#8243; _module_preset=\u00bbdefault\u00bb][et_pb_text _builder_version=\u00bb4.6.6&#8243; _module_preset=\u00bbdefault\u00bb header_text_align=\u00bbcenter\u00bb header_text_color=\u00bb#ffffff\u00bb header_font_size=\u00bb24px\u00bb custom_margin=\u00bb||15px|||\u00bb] Nosotros [\/et_pb_text][et_pb_text _builder_version=\u00bb4.6.6&#8243; _module_preset=\u00bbdefault\u00bb text_font=\u00bb||||||||\u00bb text_text_color=\u00bb#ffffff\u00bb text_font_size=\u00bb15px\u00bb text_orientation=\u00bbcenter\u00bb] En PROMESA buscamos convertirnos en la empresa l\u00edder a nivel mundial [&hellip;]<\/p>\n","protected":false},"author":1,"featured_media":0,"parent":0,"menu_order":0,"comment_status":"closed","ping_status":"closed","template":"","meta":{"_et_pb_use_builder":"on","_et_pb_old_content":"","_et_gb_content_width":"","footnotes":""},"class_list":["post-7","page","type-page","status-publish","hentry"],"_links":{"self":[{"href":"https:\/\/promesafilms.nyc\/en\/wp-json\/wp\/v2\/pages\/7","targetHints":{"allow":["GET"]}}],"collection":[{"href":"https:\/\/promesafilms.nyc\/en\/wp-json\/wp\/v2\/pages"}],"about":[{"href":"https:\/\/promesafilms.nyc\/en\/wp-json\/wp\/v2\/types\/page"}],"author":[{"embeddable":true,"href":"https:\/\/promesafilms.nyc\/en\/wp-json\/wp\/v2\/users\/1"}],"replies":[{"embeddable":true,"href":"https:\/\/promesafilms.nyc\/en\/wp-json\/wp\/v2\/comments?post=7"}],"version-history":[{"count":45,"href":"https:\/\/promesafilms.nyc\/en\/wp-json\/wp\/v2\/pages\/7\/revisions"}],"predecessor-version":[{"id":366,"href":"https:\/\/promesafilms.nyc\/en\/wp-json\/wp\/v2\/pages\/7\/revisions\/366"}],"wp:attachment":[{"href":"https:\/\/promesafilms.nyc\/en\/wp-json\/wp\/v2\/media?parent=7"}],"curies":[{"name":"wp","href":"https:\/\/api.w.org\/{rel}","templated":true}]}}